{"id":235,"date":"2016-05-31T11:42:00","date_gmt":"2016-05-31T11:42:00","guid":{"rendered":"https:\/\/metrologia.eti.pg.gda.pl\/pl\/?page_id=235"},"modified":"2017-05-24T08:51:18","modified_gmt":"2017-05-24T08:51:18","slug":"latex","status":"publish","type":"page","link":"https:\/\/metrologia.eti.pg.gda.pl\/pl\/dla-pracownikow\/latex\/","title":{"rendered":"LaTeX"},"content":{"rendered":"<p style=\"text-align: center;\">Dostepna jest do pobrania przeno\u015bna (bezinstalacyjna) wersja programu <strong>TexStudio<\/strong> 11 wraz ze zintegrowanym pakietem <strong>MikTeX<\/strong> oraz przeno\u015bn\u0105 wersj\u0105\u00a0czytnika <strong>Foxit Reader<\/strong>.\u00a0Program TexStudio zosta\u0142 wst\u0119pnie\u00a0skonfigurowany do pracy z kompilatorem TeX i jest gotowy do u\u017cytku. Wszystkie pakiety TeXa dostepne s\u0105 offline (nie\u00a0jest wymagane po\u0142\u0105czenie z internetem w celu ich dynamicznego\u00a0pobierania podczas kompilacji).<\/p>\n<p style=\"text-align: center;\"><a href=\"http:\/\/metrologia.eti.pg.gda.pl:5000\/sharing\/E8lAgxrHL\"><strong>POBIERZ<\/strong><\/a><\/p>\n<p style=\"text-align: center;\">Pobrane archiwum wystarczy rozpakowa\u0107 i uruchomi\u0107 program TexStudio\\texstudio.exe.<\/p>\n<p style=\"text-align: center;\"><a href=\"http:\/\/metrologia.eti.pg.gda.pl:5000\/sharing\/einjmn0Fr\"><strong>SZABLONY PREZENTACJI I DOKUMENT\u00d3W<\/strong><\/a><\/p>\n<p style=\"text-align: center;\"><a href=\"http:\/\/www.latextemplates.com\" target=\"_blank\">Zewn\u0119trzne szablony<\/a><\/p>\n<p><strong>Materia\u0142y do nauki LaTeXa:<\/strong><\/p>\n<ul>\n<li><a href=\"http:\/\/www.fuw.edu.pl\/~kostecki\/kurs_latexa.pdf\" target=\"_blank\"><strong>KURS<\/strong><\/a><\/li>\n<li><a href=\"http:\/\/klub.com.pl\/misc\/latex\/lshort2e.pdf\" target=\"_blank\">http:\/\/klub.com.pl\/misc\/latex\/lshort2e.pdf<\/a><\/li>\n<\/ul>\n<p><strong>Rysunki w LaTeXu &#8211; pakiet TiKz &#8211; informacje:<\/strong><\/p>\n<ul>\n<li><a href=\"http:\/\/math.uni.lodz.pl\/~zofiawal\/tex\/2013\/Zaaw\/cwicz-tikz1.pdf\" target=\"_blank\">http:\/\/math.uni.lodz.pl\/~zofiawal\/tex\/2013\/Zaaw\/cwicz-tikz1.pdf<\/a><\/li>\n<\/ul>\n<p><strong>Wykresy w LaTeXu &#8211; pakiet PGFPlots &#8211; informacje<\/strong><\/p>\n<ul>\n<li><a href=\"https:\/\/www.sharelatex.com\/learn\/Pgfplots_package\" target=\"_blank\">https:\/\/www.sharelatex.com\/learn\/Pgfplots_package<\/a><\/li>\n<\/ul>\n<p><strong>Prezentacja &#8211; klasa Beamer &#8211; informacje<\/strong><\/p>\n<ul>\n<li><a href=\"http:\/\/www.mif.pg.gda.pl\/kmd\/materialy\/beamer\/beamer2.pdf\" target=\"_blank\">http:\/\/www.mif.pg.gda.pl\/kmd\/materialy\/beamer\/beamer2.pdf<\/a><\/li>\n<li><a href=\"http:\/\/hektor.umcs.lublin.pl\/~mpiekarz\/tiws\/prezentacja.pdf\" target=\"_blank\">http:\/\/hektor.umcs.lublin.pl\/~mpiekarz\/tiws\/prezentacja.pdf<\/a><\/li>\n<\/ul>\n","protected":false},"excerpt":{"rendered":"<p>Dostepna jest do pobrania przeno\u015bna (bezinstalacyjna) wersja programu TexStudio 11 wraz ze zintegrowanym pakietem MikTeX oraz przeno\u015bn\u0105 wersj\u0105\u00a0czytnika Foxit Reader.\u00a0Program [&hellip;]<\/p>\n","protected":false},"author":1,"featured_media":0,"parent":9,"menu_order":0,"comment_status":"closed","ping_status":"closed","template":"","meta":{"footnotes":""},"class_list":["post-235","page","type-page","status-publish","hentry"],"_links":{"self":[{"href":"https:\/\/metrologia.eti.pg.gda.pl\/pl\/wp-json\/wp\/v2\/pages\/235","targetHints":{"allow":["GET"]}}],"collection":[{"href":"https:\/\/metrologia.eti.pg.gda.pl\/pl\/wp-json\/wp\/v2\/pages"}],"about":[{"href":"https:\/\/metrologia.eti.pg.gda.pl\/pl\/wp-json\/wp\/v2\/types\/page"}],"author":[{"embeddable":true,"href":"https:\/\/metrologia.eti.pg.gda.pl\/pl\/wp-json\/wp\/v2\/users\/1"}],"replies":[{"embeddable":true,"href":"https:\/\/metrologia.eti.pg.gda.pl\/pl\/wp-json\/wp\/v2\/comments?post=235"}],"version-history":[{"count":15,"href":"https:\/\/metrologia.eti.pg.gda.pl\/pl\/wp-json\/wp\/v2\/pages\/235\/revisions"}],"predecessor-version":[{"id":259,"href":"https:\/\/metrologia.eti.pg.gda.pl\/pl\/wp-json\/wp\/v2\/pages\/235\/revisions\/259"}],"up":[{"embeddable":true,"href":"https:\/\/metrologia.eti.pg.gda.pl\/pl\/wp-json\/wp\/v2\/pages\/9"}],"wp:attachment":[{"href":"https:\/\/metrologia.eti.pg.gda.pl\/pl\/wp-json\/wp\/v2\/media?parent=235"}],"curies":[{"name":"wp","href":"https:\/\/api.w.org\/{rel}","templated":true}]}}