{"id":217,"date":"2016-04-29T17:45:58","date_gmt":"2016-04-29T17:45:58","guid":{"rendered":"https:\/\/metrologia.eti.pg.gda.pl\/pl\/?page_id=217"},"modified":"2017-05-24T08:51:18","modified_gmt":"2017-05-24T08:51:18","slug":"komputerowe-systemy-elektroniczne","status":"publish","type":"page","link":"https:\/\/metrologia.eti.pg.gda.pl\/pl\/dla-studentow\/komputerowe-systemy-elektroniczne\/","title":{"rendered":"Komputerowe Systemy Elektroniczne"},"content":{"rendered":"<div id=\"p_p_id_56_INSTANCE_k2GfgPCtpRZv_\" class=\"portlet-boundary portlet-boundary_56_ portlet-static portlet-static-end portlet-borderless portlet-journal-content \">\n<div class=\"portlet-body\">\n<div class=\"portlet-borderless-container\">\n<div class=\"portlet-body\">\n<div id=\"article_10154_176568_26655646_1.3\" class=\"read-me journal-content-article\">\n<h2 class=\"align_center\">Dlaczego warto wybra\u0107 specjalno\u015b\u0107\u00a0Komputerowe Systemy Elektroniczne<\/h2>\n<p>&nbsp;<\/p>\n<p>Oto argumenty uzasadniaj\u0105ce wyb\u00f3r:<\/p>\n<ul>\n<li>Specjalno\u015b\u0107 dotyczy szerokiej problematyki system\u00f3w elektronicznych: pomiarowych, diagnostycznych (w tym ze sztuczn\u0105 inteligencj\u0105), alarmowych, identyfikacja os\u00f3b i towar\u00f3w, elektroniki samochodowej, monitoruj\u0105cych, system\u00f3w kontroli jako\u015bci produkcji, elektronizuj\u0105cych wyroby i innych. T\u0119 szerok\u0105 klas\u0119 system\u00f3w nazywa si\u0119 obecnie <b><i>infosystemami elektronicznymi<\/i><\/b>.<\/li>\n<li>Uczy zar\u00f3wno <b><i>modelowania, konstrukcji i organizacji system\u00f3w<\/i><\/b> z uwzgl\u0119dnieniem wymaganej niezawodno\u015bci i kompatybilno\u015bci elektromagnetycznej, jak te\u017c ich <b><i>oprogramowania<\/i><\/b> za pomoc\u0105 nowoczesnych narz\u0119dzi programistycznych (LabWindows\/CVI, MS-Visual C++, Matlab).<\/li>\n<li>Dotyczy obszernej i sp\u00f3jnej problematyki system\u00f3w elektronicznych poczynaj\u0105c od <b><i>mikrosystem\u00f3w<\/i><\/b>konfigurowanych na ma\u0142ej powierzchni monta\u017cowej z wykorzystaniem uk\u0142ad\u00f3w programowalnych CPLD, FPGA, MEMS\u00f3w, mikrokontroler\u00f3w i procesor\u00f3w sygna\u0142owych, przez systemy standardowe, a\u017c do <b><i>makrosystem\u00f3w<\/i><\/b>, w tym system\u00f3w rozproszonych budowanych na bazie sieci komputerowych.<\/li>\n<li>K\u0142ad\u0105c nacisk na <b><i>integracj\u0119 sprz\u0119tu i oprogramowania<\/i><\/b> przygotowuje do cenionych w kraju i zagranic\u0105 zawod\u00f3w: konstruktora system\u00f3w elektronicznych, integratora system\u00f3w o r\u00f3\u017cnych standardach sprz\u0119towych i interfejsowych, na bazie r\u00f3\u017cnych platform programistycznych, in\u017cyniera do spraw aparatury oraz produkcyjnego testowania i diagnostyki.<\/li>\n<li><b><i>Le\u017cy w g\u0142\u00f3wnym nurcie rozwojowym elektroniki<\/i><\/b>, poniewa\u017c mikrosystemy elektroniczne konfigurowane w pojedynczym uk\u0142adzie scalonym (Instrument on a Chip) oraz systemy rozproszone s\u0105 najwa\u017cniejszym trendem rozwojowym elektroniki.<\/li>\n<li>Specjalno\u015b\u0107 uczy nie tylko projektowania i organizacji system\u00f3w (zw\u0142aszcza internetowych), lecz tak\u017ce<b><i>konstruowania wyrob\u00f3w elektronicznych lub zelektronizowanych<\/i><\/b>.<\/li>\n<li>Specjalno\u015b\u0107 prowadzona jest pod opiek\u0105 Zespo\u0142u System\u00f3w Elektronicznych Katedry Optoelektroniki i System\u00f3w Elektronicznych (z du\u017cym udzia\u0142em katedr informatycznych) maj\u0105cego ok. <b><i>30-letnie do\u015bwiadczenie dydaktyczne, badawcze i konstrukcyjne <\/i><\/b>w zakresie komputerowo-wspomaganej metrologii i diagnostyki elektronicznej. W swoim dorobku ma ona szereg opracowa\u0144 system\u00f3w i sieci pomiarowych wdro\u017conych w przemy\u015ble krajowym i zagranic\u0105 (patrz tablica obok). Katedra dysponuje nowoczesn\u0105 aparatur\u0105 pomiarow\u0105 firm: Philips, Tektronix, Hewlett Packard, Solartron.<\/li>\n<li>Absolwenci specjalno\u015bci s\u0105 poszukiwani i znajduj\u0105 <b><i>zatrudnienie w firmach elektronicznych, telekomunikacyjnych i informatycznych<\/i><\/b> (pracuj\u0105 m.in. w firmie Flextronics jako Test &amp; Product Engineers), instytutach badawczych jako konstruktorzy, integratorzy system\u00f3w oraz informatycy z pog\u0142\u0119bion\u0105 znajomo\u015bci\u0105 sprz\u0119tu. S\u0105 tak\u017ce <b><i>bardzo dobrze przygotowani do za\u0142o\u017cenia w\u0142asnej firmy<\/i><\/b>.<\/li>\n<\/ul>\n<\/div>\n<div class=\"entry-links\"><\/div>\n<div class=\"entry-links\"><\/div>\n<\/div>\n<\/div>\n<\/div>\n<\/div>\n<div id=\"p_p_id_56_INSTANCE_J6VrZuPPUolU_\" class=\"portlet-boundary portlet-boundary_56_ portlet-static portlet-static-end portlet-borderless portlet-journal-content \">\n<div class=\"portlet-body\">\n<div class=\"portlet-borderless-container\">\n<div class=\"portlet-body\">\n<div id=\"article_10154_176568_26655905_1.2\" class=\"read-me journal-content-article\">\n<h2 class=\"align_center\">Sylwetka absolwenta specjalno\u015bci\u00a0Komputerowe Systemy Elektroniczne<\/h2>\n<p>&nbsp;<\/p>\n<p>Absolwent specjalno\u015bci zdobywa zaw\u00f3d <i>projektanta i integratora system\u00f3w<\/i>. Staje si\u0119 specjalist\u0105 z zakresu sprz\u0119tu i oprogramowania system\u00f3w, mikrosystem\u00f3w i makrosystem\u00f3w elektronicznych: pomiarowych, diagnostycznych, telemetrycznych, identyfikacji os\u00f3b i towar\u00f3w, zabezpiecze\u0144 obiekt\u00f3w, elektroniki samochodowej, metrologicznej obs\u0142ugi produkcji, mechatroniki i elektronizacji wyrob\u00f3w.<\/p>\n<p>W szczeg\u00f3lno\u015bci zdobywa wiedz\u0119 i umiej\u0119tno\u015bci pozwalaj\u0105ce na:<\/p>\n<ul>\n<li>Konstruowanie modu\u0142\u00f3w elektronicznych (pakiet\u00f3w, kart) z wykorzystaniem uk\u0142ad\u00f3w programowalnych, MEMS\u00f3w, mikrokontroler\u00f3w i procesor\u00f3w sygna\u0142owych (systemy wbudowane, systemy typu Internet of Things).<\/li>\n<li>Projektowanie i konstruowanie system\u00f3w elektronicznych z uwzgl\u0119dnieniem wymaganej niezawodno\u015bci i kompatybilno\u015bci elektromagnetycznej.<\/li>\n<li>Oprogramowanie system\u00f3w za pomoc\u0105 zaawansowanych narz\u0119dzi CAD.<\/li>\n<li>Organizacj\u0119 i integracj\u0119 system\u00f3w na bazie r\u00f3\u017cnych standard\u00f3w interfejsu.<\/li>\n<li>Wdra\u017canie, nadzorowanie i serwisowanie system\u00f3w elektronicznych w przemy\u015ble, badaniach i us\u0142ugach.<\/li>\n<li>Elektronizacj\u0119 wyrob\u00f3w.<\/li>\n<\/ul>\n<p>Wykszta\u0142cenie specjalistyczne obejmuje:<\/p>\n<ul>\n<li><i>Elementy i jednostki funkcjonalne system\u00f3w elektronicznych<\/i> (czujniki i przetworniki, uk\u0142ady programowalne, MEMSy, mikrokontrolery, procesory sygna\u0142owe, mikroserwery wbudowane, urz\u0105dzenia peryferyjne).<\/li>\n<li><i>Standardy interfejs\u00f3w i protoko\u0142y wymiany danych<\/i> (mikrointerfejsy: SPI, I<sup>2<\/sup>C, USB, CAN, Ethernet, interfejsy: GPIB, VXI, CAN, Field BUSy i inne).<\/li>\n<li><i>Narz\u0119dzia projektowania, oprogramowania i modelowania system\u00f3w<\/i> (Protel, PADS, VHDL, SCPI, LabView, LabWindows, ODBC, HPVEE, Matlab, Simulink).<\/li>\n<li><i>Zaawansowane metody pomiaru, testowania i diagnostyki elektronicznej<\/i> (komputerowa technika pomiarowa, telemetria internetowa, telediagnostyka, magistrale testuj\u0105ce, BISTy).<\/li>\n<li><i>Integracj\u0119 sprz\u0119tu i oprogramowania mikrosystem\u00f3w <\/i>(technologia programowania ISP, programowanie mikrosystem\u00f3w zamkni\u0119tych, programy uruchomieniowe ICD).<\/li>\n<li><i>Architektur\u0119 i organizacj\u0119 infosystem\u00f3w elektronicznych<\/i>: pomiarowych, diagnostycznych, identyfikacji os\u00f3b i towar\u00f3w, zabezpieczenia obiekt\u00f3w i innych.<\/li>\n<\/ul>\n<p>Absolwent opanowuje umiej\u0119tno\u015bci konstruktorskie umo\u017cliwiaj\u0105ce samodzieln\u0105 prac\u0119 nawet w obcym zawodowo \u015brodowisku (np. mechanik\u00f3w, chemik\u00f3w) lub w\u0142asnej firmie.<\/p>\n<p>Absolwenci specjalno\u015bci znajd\u0105 zatrudnienie we wszystkich dziedzinach gospodarki, gdzie s\u0105 tworzone, wykorzystywane lub naprawiane produkty elektroniki lub elektronizowane s\u0105 wyroby, a w szczeg\u00f3lno\u015bci w:<\/p>\n<ul>\n<li>Przedsi\u0119biorstwach oraz \u015brednich i ma\u0142ych firmach w zakresie projektowania i konstruowania modu\u0142\u00f3w, aparatury, system\u00f3w i mikrosystem\u00f3w elektronicznych.<\/li>\n<li>Przemy\u015ble r\u00f3\u017cnych bran\u017c w zakresie elektronizacji wyrob\u00f3w, metrologicznej obs\u0142ugi produkcji (w tym komputerowo zintegrowanej) oraz wdra\u017cania i nadzorowania system\u00f3w.<\/li>\n<li>Przedsi\u0119biorstwach i instytucjach na stanowisku in\u017cyniera ds. aparatury, redaktora stron internetowych, administratora sieci komputerowych lub informatyka ze znajomo\u015bci\u0105 sprz\u0119tu.<\/li>\n<li>Laboratoriach przemys\u0142owych i o\u015brodkach badawczo-rozwojowych.<\/li>\n<li>Ma\u0142ych firmach prywatnych, plac\u00f3wkach legalizacji aparatury, atestowania wyrob\u00f3w itp.<\/li>\n<\/ul>\n<p>B\u0119d\u0105 dobrze przygotowani do za\u0142o\u017cenia w\u0142asnej firmy produkuj\u0105cej modu\u0142y elektroniczne, karty komputerowe, przyrz\u0105dy pomiarowe, systemy alarmowe, elektronik\u0119 samochodow\u0105 lub \u015bwiadcz\u0105cej us\u0142ugi informatyczne wymagaj\u0105ce dobrej znajomo\u015bci sprz\u0119tu.<\/p>\n<\/div>\n<div class=\"entry-links\"><\/div>\n<\/div>\n<\/div>\n<\/div>\n<\/div>\n<div id=\"p_p_id_56_INSTANCE_ym3TVSvr54k1_\" class=\"portlet-boundary portlet-boundary_56_ portlet-static portlet-static-end portlet-borderless portlet-journal-content \">\n<div class=\"portlet-body\">\n<div class=\"portlet-borderless-container\">\n<div class=\"portlet-body\">\n<div class=\"clear\"><\/div>\n<div id=\"article_10154_176568_42204957_1.0\" class=\"read-me journal-content-article\">\n<h2><a href=\"http:\/\/eti.pg.edu.pl\/documents\/176568\/26828085\/KSE2016\" target=\"_blank\">Zapraszamy do zapoznania si\u0119 z prezentacj\u0105 profilu dyplomowania (studia I stopnia) i specjalno\u015bci\u0105 (studia II stopnia) Komputerowe Systemy Elektroniczne<\/a><\/h2>\n<\/div>\n<\/div>\n<\/div>\n<\/div>\n<\/div>\n","protected":false},"excerpt":{"rendered":"<p>Dlaczego warto wybra\u0107 specjalno\u015b\u0107\u00a0Komputerowe Systemy Elektroniczne &nbsp; Oto argumenty uzasadniaj\u0105ce wyb\u00f3r: Specjalno\u015b\u0107 dotyczy szerokiej problematyki system\u00f3w elektronicznych: pomiarowych, diagnostycznych (w [&hellip;]<\/p>\n","protected":false},"author":1,"featured_media":0,"parent":11,"menu_order":0,"comment_status":"closed","ping_status":"closed","template":"","meta":{"footnotes":""},"class_list":["post-217","page","type-page","status-publish","hentry"],"_links":{"self":[{"href":"https:\/\/metrologia.eti.pg.gda.pl\/pl\/wp-json\/wp\/v2\/pages\/217","targetHints":{"allow":["GET"]}}],"collection":[{"href":"https:\/\/metrologia.eti.pg.gda.pl\/pl\/wp-json\/wp\/v2\/pages"}],"about":[{"href":"https:\/\/metrologia.eti.pg.gda.pl\/pl\/wp-json\/wp\/v2\/types\/page"}],"author":[{"embeddable":true,"href":"https:\/\/metrologia.eti.pg.gda.pl\/pl\/wp-json\/wp\/v2\/users\/1"}],"replies":[{"embeddable":true,"href":"https:\/\/metrologia.eti.pg.gda.pl\/pl\/wp-json\/wp\/v2\/comments?post=217"}],"version-history":[{"count":4,"href":"https:\/\/metrologia.eti.pg.gda.pl\/pl\/wp-json\/wp\/v2\/pages\/217\/revisions"}],"predecessor-version":[{"id":225,"href":"https:\/\/metrologia.eti.pg.gda.pl\/pl\/wp-json\/wp\/v2\/pages\/217\/revisions\/225"}],"up":[{"embeddable":true,"href":"https:\/\/metrologia.eti.pg.gda.pl\/pl\/wp-json\/wp\/v2\/pages\/11"}],"wp:attachment":[{"href":"https:\/\/metrologia.eti.pg.gda.pl\/pl\/wp-json\/wp\/v2\/media?parent=217"}],"curies":[{"name":"wp","href":"https:\/\/api.w.org\/{rel}","templated":true}]}}