{"id":19,"date":"2016-03-15T23:03:47","date_gmt":"2016-03-15T22:03:47","guid":{"rendered":"https:\/\/metrologia.eti.pg.gda.pl\/wordpress\/?page_id=19"},"modified":"2019-03-07T08:29:07","modified_gmt":"2019-03-07T08:29:07","slug":"mpitr","status":"publish","type":"page","link":"https:\/\/metrologia.eti.pg.gda.pl\/pl\/dla-studentow\/mpitr\/","title":{"rendered":"MPiTR"},"content":{"rendered":"<p><strong>Metodyka Projektowania i Techniki Realizacji<\/strong><\/p>\n<p>&nbsp;<\/p>\n<p><a href=\"http:\/\/metrologia.eti.pg.gda.pl:5000\/sharing\/M0Bq6ok1d\" target=\"_blank\" rel=\"noopener\"><strong>Materia\u0142y dla student\u00f3w<\/strong><\/a><\/p>\n<hr \/>\n<p><strong>Materia\u0142y pomocnicze<\/strong><\/p>\n<ul>\n<li><a href=\"http:\/\/www.s-manuals.com\/\" target=\"_blank\" rel=\"noopener\">e-manuals<\/a><br \/>\nInstrukcje serwisowe, noty katalogowe, oznaczenia element\u00f3w SMD<\/li>\n<li><a href=\"https:\/\/circuits.io\" target=\"_blank\" rel=\"noopener\">Autodesk Circuits<\/a><br \/>\nWebaplikacja, kt\u00f3ra umo\u017cliwia rysowanie prostych scemat\u00f3w i p\u0142ytek drukowanych, a tak\u017ce symulacj\u0119 uk\u0142ad\u00f3w elektronicznych\u00a0(+Arduino, ESP)<\/li>\n<li><a href=\"https:\/\/easyeda.com\/pl\" target=\"_blank\" rel=\"noopener\">easyEDA<\/a><br \/>\nWebaplikacja, kt\u00f3ra funkcjonalno\u015bci\u0105 przewy\u017csza Eagle&#8217;a. Jest darmowa i posiada bardzo bogate biblioteki element\u00f3w.<\/li>\n<\/ul>\n<p>&nbsp;<\/p>\n","protected":false},"excerpt":{"rendered":"<p>Metodyka Projektowania i Techniki Realizacji &nbsp; Materia\u0142y dla student\u00f3w Materia\u0142y pomocnicze e-manuals Instrukcje serwisowe, noty katalogowe, oznaczenia element\u00f3w SMD Autodesk [&hellip;]<\/p>\n","protected":false},"author":1,"featured_media":0,"parent":11,"menu_order":10,"comment_status":"closed","ping_status":"closed","template":"","meta":{"footnotes":""},"class_list":["post-19","page","type-page","status-publish","hentry"],"_links":{"self":[{"href":"https:\/\/metrologia.eti.pg.gda.pl\/pl\/wp-json\/wp\/v2\/pages\/19","targetHints":{"allow":["GET"]}}],"collection":[{"href":"https:\/\/metrologia.eti.pg.gda.pl\/pl\/wp-json\/wp\/v2\/pages"}],"about":[{"href":"https:\/\/metrologia.eti.pg.gda.pl\/pl\/wp-json\/wp\/v2\/types\/page"}],"author":[{"embeddable":true,"href":"https:\/\/metrologia.eti.pg.gda.pl\/pl\/wp-json\/wp\/v2\/users\/1"}],"replies":[{"embeddable":true,"href":"https:\/\/metrologia.eti.pg.gda.pl\/pl\/wp-json\/wp\/v2\/comments?post=19"}],"version-history":[{"count":5,"href":"https:\/\/metrologia.eti.pg.gda.pl\/pl\/wp-json\/wp\/v2\/pages\/19\/revisions"}],"predecessor-version":[{"id":353,"href":"https:\/\/metrologia.eti.pg.gda.pl\/pl\/wp-json\/wp\/v2\/pages\/19\/revisions\/353"}],"up":[{"embeddable":true,"href":"https:\/\/metrologia.eti.pg.gda.pl\/pl\/wp-json\/wp\/v2\/pages\/11"}],"wp:attachment":[{"href":"https:\/\/metrologia.eti.pg.gda.pl\/pl\/wp-json\/wp\/v2\/media?parent=19"}],"curies":[{"name":"wp","href":"https:\/\/api.w.org\/{rel}","templated":true}]}}